{"id":2638,"date":"2020-01-08T19:57:52","date_gmt":"2020-01-08T19:57:52","guid":{"rendered":"http:\/\/clapat.ro\/themes\/bauman-wordpress\/?page_id=2638"},"modified":"2024-07-12T13:08:20","modified_gmt":"2024-07-12T13:08:20","slug":"fullscreen-slider","status":"publish","type":"page","link":"https:\/\/weber-medien.de\/","title":{"rendered":"Fotograf Aalen Ostalbkreis Fotostudio Loft Hochzeit Hochzeitsfotograf Hochzeitsreportage Abtsgm\u00fcnd Ellwangen Fotoshooting Michael Weber Fotografie Ostalb Motorrad Auto Shooting Familie Kinder Auftragsfotografie Hochzeit Photographer Fotoloft Loftwohnung Loft-Fotostudio Luxus Hochzeitsdokumentation Heidenheim H\u00fcttlingen Oberkochen Unterkochen K\u00f6nigsbronn Schw\u00e4bisch Gm\u00fcnd M\u00f6gglingen B\u00f6bingen Affalterried Essingen Nattheim Steinheim Schnaitheim Wasseralfingen Dewangen Fachsenfeld Giengen Forst Oberrombach Rauental Unterrombach Hofherrnweiler"},"content":{"rendered":"<div class=\"wp-block-image\">\n<figure class=\"aligncenter size-large\"><img loading=\"lazy\" decoding=\"async\" width=\"1024\" height=\"538\" src=\"https:\/\/weber-medien.de\/wp-content\/uploads\/2021\/07\/michael-weber-fotografie-fotograf-fotostudio-hochzeitsfotografie-aalen-ostalbkreis-1024x538.jpg\" alt=\"Michael Weber Fotografie in Aalen Ostalbkreis Hochzeitsfotografie Kindergartenfotografie Hochzeitsvideo Drohnenfotografie Luftfotografie Foto-Loft Luxus-loft Baden-W\u00fcrttemberg\" class=\"wp-image-3559\" srcset=\"https:\/\/weber-medien.de\/wp-content\/uploads\/2021\/07\/michael-weber-fotografie-fotograf-fotostudio-hochzeitsfotografie-aalen-ostalbkreis-1024x538.jpg 1024w, https:\/\/weber-medien.de\/wp-content\/uploads\/2021\/07\/michael-weber-fotografie-fotograf-fotostudio-hochzeitsfotografie-aalen-ostalbkreis-300x158.jpg 300w, https:\/\/weber-medien.de\/wp-content\/uploads\/2021\/07\/michael-weber-fotografie-fotograf-fotostudio-hochzeitsfotografie-aalen-ostalbkreis-768x403.jpg 768w, https:\/\/weber-medien.de\/wp-content\/uploads\/2021\/07\/michael-weber-fotografie-fotograf-fotostudio-hochzeitsfotografie-aalen-ostalbkreis.jpg 1200w\" sizes=\"auto, (max-width: 1024px) 100vw, 1024px\" \/><\/figure>\n<\/div>","protected":false},"excerpt":{"rendered":"","protected":false},"author":1,"featured_media":0,"parent":0,"menu_order":0,"comment_status":"closed","ping_status":"closed","template":"showcase-page.php","meta":{"_exactmetrics_skip_tracking":false,"_exactmetrics_sitenote_active":false,"_exactmetrics_sitenote_note":"","_exactmetrics_sitenote_category":0,"_uf_show_specific_survey":0,"_uf_disable_surveys":false,"footnotes":""},"class_list":["post-2638","page","type-page","status-publish","hentry"],"aioseo_notices":[],"yoast_head":"<!-- This site is optimized with the Yoast SEO plugin v27.4 - https:\/\/yoast.com\/product\/yoast-seo-wordpress\/ -->\n<title>Fotograf Aalen Ostalbkreis Fotostudio Loft Hochzeit Hochzeitsfotograf Hochzeitsreportage Abtsgm\u00fcnd Ellwangen Fotoshooting Michael Weber Fotografie Ostalb Motorrad Auto Shooting Familie Kinder Auftragsfotografie Hochzeit Photographer Fotoloft Loftwohnung Loft-Fotostudio Luxus Hochzeitsdokumentation Heidenheim H\u00fcttlingen Oberkochen Unterkochen K\u00f6nigsbronn Schw\u00e4bisch Gm\u00fcnd M\u00f6gglingen B\u00f6bingen Affalterried Essingen Nattheim Steinheim Schnaitheim Wasseralfingen Dewangen Fachsenfeld Giengen Forst Oberrombach Rauental Unterrombach Hofherrnweiler - Fotografie Aalen Ellwangen Heidenheim Abtsgm\u00fcnd Oberkochen Unterkochen Schw\u00e4bisch Gm\u00fcnd Ostalb<\/title>\n<meta name=\"description\" content=\"Fotografie Fotostudio Hochzeitsfotografie Drohnenfotografie Aalen Abtsgm\u00fcnd Heidenheim Ellwangen Schw\u00e4bisch Gm\u00fcnd Unterkochen Oberkochen Fotostudio Luftbilder Kindergartenfotografie Hochzeitsvideo\" \/>\n<meta name=\"robots\" content=\"index, follow, max-snippet:-1, max-image-preview:large, max-video-preview:-1\" \/>\n<link rel=\"canonical\" href=\"https:\/\/weber-medien.de\/\" \/>\n<meta property=\"og:locale\" content=\"de_DE\" \/>\n<meta property=\"og:type\" content=\"article\" \/>\n<meta property=\"og:title\" content=\"Michael Weber Fotografie in Aalen Ostalbkreis\" \/>\n<meta property=\"og:description\" content=\"Fotografie Fotostudio Hochzeitsfotografie Drohnenfotografie Aalen Abtsgm\u00fcnd Heidenheim Ellwangen Schw\u00e4bisch Gm\u00fcnd Unterkochen Oberkochen Fotostudio Luxus-Loft\" \/>\n<meta property=\"og:url\" content=\"https:\/\/weber-medien.de\/\" \/>\n<meta property=\"og:site_name\" content=\"Fotografie Aalen Ellwangen Heidenheim Abtsgm\u00fcnd Oberkochen Unterkochen Schw\u00e4bisch Gm\u00fcnd Ostalb\" \/>\n<meta property=\"article:publisher\" content=\"https:\/\/www.facebook.com\/weberfotografie\" \/>\n<meta property=\"article:modified_time\" content=\"2024-07-12T13:08:20+00:00\" \/>\n<meta property=\"og:image\" content=\"https:\/\/weber-medien.de\/wp-content\/uploads\/2021\/07\/michael-weber-fotografie-fotograf-fotostudio-hochzeitsfotografie-aalen-ostalbkreis.jpg\" \/>\n\t<meta property=\"og:image:width\" content=\"1200\" \/>\n\t<meta property=\"og:image:height\" content=\"630\" \/>\n\t<meta property=\"og:image:type\" content=\"image\/jpeg\" \/>\n<meta name=\"twitter:card\" content=\"summary_large_image\" \/>\n<meta name=\"twitter:title\" content=\"Michael Weber Fotografie in Aalen Ostalbkreis\" \/>\n<meta name=\"twitter:description\" content=\"Fotografie Fotostudio Hochzeitsfotografie Drohnenfotografie Aalen Abtsgm\u00fcnd Heidenheim Ellwangen Schw\u00e4bisch Gm\u00fcnd Unterkochen Oberkochen Fotostudio Luxus-Loft\" \/>\n<meta name=\"twitter:image\" content=\"https:\/\/weber-medien.de\/wp-content\/uploads\/2021\/07\/michael-weber-fotografie-fotograf-fotostudio-hochzeitsfotografie-aalen-ostalbkreis.jpg\" \/>\n<meta name=\"twitter:label1\" content=\"Gesch\u00e4tzte Lesezeit\" \/>\n\t<meta name=\"twitter:data1\" content=\"1\u00a0Minute\" \/>\n<script type=\"application\/ld+json\" class=\"yoast-schema-graph\">{\"@context\":\"https:\\\/\\\/schema.org\",\"@graph\":[{\"@type\":\"WebPage\",\"@id\":\"https:\\\/\\\/weber-medien.de\\\/\",\"url\":\"https:\\\/\\\/weber-medien.de\\\/\",\"name\":\"Fotograf Aalen Ostalbkreis Fotostudio Loft Hochzeit Hochzeitsfotograf Hochzeitsreportage Abtsgm\u00fcnd Ellwangen Fotoshooting Michael Weber Fotografie Ostalb Motorrad Auto Shooting Familie Kinder Auftragsfotografie Hochzeit Photographer Fotoloft Loftwohnung Loft-Fotostudio Luxus Hochzeitsdokumentation Heidenheim H\u00fcttlingen Oberkochen Unterkochen K\u00f6nigsbronn Schw\u00e4bisch Gm\u00fcnd M\u00f6gglingen B\u00f6bingen Affalterried Essingen Nattheim Steinheim Schnaitheim Wasseralfingen Dewangen Fachsenfeld Giengen Forst Oberrombach Rauental Unterrombach Hofherrnweiler - Fotografie Aalen Ellwangen Heidenheim Abtsgm\u00fcnd Oberkochen Unterkochen Schw\u00e4bisch Gm\u00fcnd Ostalb\",\"isPartOf\":{\"@id\":\"https:\\\/\\\/weber-medien.de\\\/#website\"},\"primaryImageOfPage\":{\"@id\":\"https:\\\/\\\/weber-medien.de\\\/#primaryimage\"},\"image\":{\"@id\":\"https:\\\/\\\/weber-medien.de\\\/#primaryimage\"},\"thumbnailUrl\":\"https:\\\/\\\/weber-medien.de\\\/wp-content\\\/uploads\\\/2021\\\/07\\\/michael-weber-fotografie-fotograf-fotostudio-hochzeitsfotografie-aalen-ostalbkreis-1024x538.jpg\",\"datePublished\":\"2020-01-08T19:57:52+00:00\",\"dateModified\":\"2024-07-12T13:08:20+00:00\",\"description\":\"Fotografie Fotostudio Hochzeitsfotografie Drohnenfotografie Aalen Abtsgm\u00fcnd Heidenheim Ellwangen Schw\u00e4bisch Gm\u00fcnd Unterkochen Oberkochen Fotostudio Luftbilder Kindergartenfotografie Hochzeitsvideo\",\"breadcrumb\":{\"@id\":\"https:\\\/\\\/weber-medien.de\\\/#breadcrumb\"},\"inLanguage\":\"de\",\"potentialAction\":[{\"@type\":\"ReadAction\",\"target\":[\"https:\\\/\\\/weber-medien.de\\\/\"]}]},{\"@type\":\"ImageObject\",\"inLanguage\":\"de\",\"@id\":\"https:\\\/\\\/weber-medien.de\\\/#primaryimage\",\"url\":\"https:\\\/\\\/weber-medien.de\\\/wp-content\\\/uploads\\\/2021\\\/07\\\/michael-weber-fotografie-fotograf-fotostudio-hochzeitsfotografie-aalen-ostalbkreis.jpg\",\"contentUrl\":\"https:\\\/\\\/weber-medien.de\\\/wp-content\\\/uploads\\\/2021\\\/07\\\/michael-weber-fotografie-fotograf-fotostudio-hochzeitsfotografie-aalen-ostalbkreis.jpg\",\"width\":1200,\"height\":630,\"caption\":\"Michael Weber Fotografie in Aalen Ostalbkreis Hochzeitsfotografie Kindergartenfotografie Hochzeitsvideo Drohnenfotografie Luftfotografie Foto-Loft Luxus-loft Baden-W\u00fcrttemberg\"},{\"@type\":\"BreadcrumbList\",\"@id\":\"https:\\\/\\\/weber-medien.de\\\/#breadcrumb\",\"itemListElement\":[{\"@type\":\"ListItem\",\"position\":1,\"name\":\"Startseite\",\"item\":\"https:\\\/\\\/weber-medien.de\\\/\"},{\"@type\":\"ListItem\",\"position\":2,\"name\":\"Fotograf Aalen Ostalbkreis Fotostudio Loft Hochzeit Hochzeitsfotograf Hochzeitsreportage Abtsgm\u00fcnd Ellwangen Fotoshooting Michael Weber Fotografie Ostalb Motorrad Auto Shooting Familie Kinder Auftragsfotografie Hochzeit Photographer Fotoloft Loftwohnung Loft-Fotostudio Luxus Hochzeitsdokumentation Heidenheim H\u00fcttlingen Oberkochen Unterkochen K\u00f6nigsbronn Schw\u00e4bisch Gm\u00fcnd M\u00f6gglingen B\u00f6bingen Affalterried Essingen Nattheim Steinheim Schnaitheim Wasseralfingen Dewangen Fachsenfeld Giengen Forst Oberrombach Rauental Unterrombach Hofherrnweiler\"}]},{\"@type\":\"WebSite\",\"@id\":\"https:\\\/\\\/weber-medien.de\\\/#website\",\"url\":\"https:\\\/\\\/weber-medien.de\\\/\",\"name\":\"Fotografie Aalen Ellwangen Heidenheim Abtsgm\u00fcnd Oberkochen Unterkochen Schw\u00e4bisch Gm\u00fcnd Ostalb\",\"description\":\"Fotografie Ostalbkreis Michael Weber Fotograf Hochzeit\",\"publisher\":{\"@id\":\"https:\\\/\\\/weber-medien.de\\\/#organization\"},\"potentialAction\":[{\"@type\":\"SearchAction\",\"target\":{\"@type\":\"EntryPoint\",\"urlTemplate\":\"https:\\\/\\\/weber-medien.de\\\/?s={search_term_string}\"},\"query-input\":{\"@type\":\"PropertyValueSpecification\",\"valueRequired\":true,\"valueName\":\"search_term_string\"}}],\"inLanguage\":\"de\"},{\"@type\":\"Organization\",\"@id\":\"https:\\\/\\\/weber-medien.de\\\/#organization\",\"name\":\"Michael Weber Fotografie in Aalen Ostalbkreis\",\"url\":\"https:\\\/\\\/weber-medien.de\\\/\",\"logo\":{\"@type\":\"ImageObject\",\"inLanguage\":\"de\",\"@id\":\"https:\\\/\\\/weber-medien.de\\\/#\\\/schema\\\/logo\\\/image\\\/\",\"url\":\"https:\\\/\\\/weber-medien.de\\\/wp-content\\\/uploads\\\/2021\\\/07\\\/michael-weber-fotografie-fotograf-fotostudio-hochzeitsfotografie-aalen-ostalbkreis.jpg\",\"contentUrl\":\"https:\\\/\\\/weber-medien.de\\\/wp-content\\\/uploads\\\/2021\\\/07\\\/michael-weber-fotografie-fotograf-fotostudio-hochzeitsfotografie-aalen-ostalbkreis.jpg\",\"width\":1200,\"height\":630,\"caption\":\"Michael Weber Fotografie in Aalen Ostalbkreis\"},\"image\":{\"@id\":\"https:\\\/\\\/weber-medien.de\\\/#\\\/schema\\\/logo\\\/image\\\/\"},\"sameAs\":[\"https:\\\/\\\/www.facebook.com\\\/weberfotografie\",\"https:\\\/\\\/www.instagram.com\\\/weberfotografie\"]}]}<\/script>\n<!-- \/ Yoast SEO plugin. -->","yoast_head_json":{"title":"Fotograf Aalen Ostalbkreis Fotostudio Loft Hochzeit Hochzeitsfotograf Hochzeitsreportage Abtsgm\u00fcnd Ellwangen Fotoshooting Michael Weber Fotografie Ostalb Motorrad Auto Shooting Familie Kinder Auftragsfotografie Hochzeit Photographer Fotoloft Loftwohnung Loft-Fotostudio Luxus Hochzeitsdokumentation Heidenheim H\u00fcttlingen Oberkochen Unterkochen K\u00f6nigsbronn Schw\u00e4bisch Gm\u00fcnd M\u00f6gglingen B\u00f6bingen Affalterried Essingen Nattheim Steinheim Schnaitheim Wasseralfingen Dewangen Fachsenfeld Giengen Forst Oberrombach Rauental Unterrombach Hofherrnweiler - Fotografie Aalen Ellwangen Heidenheim Abtsgm\u00fcnd Oberkochen Unterkochen Schw\u00e4bisch Gm\u00fcnd Ostalb","description":"Fotografie Fotostudio Hochzeitsfotografie Drohnenfotografie Aalen Abtsgm\u00fcnd Heidenheim Ellwangen Schw\u00e4bisch Gm\u00fcnd Unterkochen Oberkochen Fotostudio Luftbilder Kindergartenfotografie Hochzeitsvideo","robots":{"index":"index","follow":"follow","max-snippet":"max-snippet:-1","max-image-preview":"max-image-preview:large","max-video-preview":"max-video-preview:-1"},"canonical":"https:\/\/weber-medien.de\/","og_locale":"de_DE","og_type":"article","og_title":"Michael Weber Fotografie in Aalen Ostalbkreis","og_description":"Fotografie Fotostudio Hochzeitsfotografie Drohnenfotografie Aalen Abtsgm\u00fcnd Heidenheim Ellwangen Schw\u00e4bisch Gm\u00fcnd Unterkochen Oberkochen Fotostudio Luxus-Loft","og_url":"https:\/\/weber-medien.de\/","og_site_name":"Fotografie Aalen Ellwangen Heidenheim Abtsgm\u00fcnd Oberkochen Unterkochen Schw\u00e4bisch Gm\u00fcnd Ostalb","article_publisher":"https:\/\/www.facebook.com\/weberfotografie","article_modified_time":"2024-07-12T13:08:20+00:00","og_image":[{"width":1200,"height":630,"url":"https:\/\/weber-medien.de\/wp-content\/uploads\/2021\/07\/michael-weber-fotografie-fotograf-fotostudio-hochzeitsfotografie-aalen-ostalbkreis.jpg","type":"image\/jpeg"}],"twitter_card":"summary_large_image","twitter_title":"Michael Weber Fotografie in Aalen Ostalbkreis","twitter_description":"Fotografie Fotostudio Hochzeitsfotografie Drohnenfotografie Aalen Abtsgm\u00fcnd Heidenheim Ellwangen Schw\u00e4bisch Gm\u00fcnd Unterkochen Oberkochen Fotostudio Luxus-Loft","twitter_image":"https:\/\/weber-medien.de\/wp-content\/uploads\/2021\/07\/michael-weber-fotografie-fotograf-fotostudio-hochzeitsfotografie-aalen-ostalbkreis.jpg","twitter_misc":{"Gesch\u00e4tzte Lesezeit":"1\u00a0Minute"},"schema":{"@context":"https:\/\/schema.org","@graph":[{"@type":"WebPage","@id":"https:\/\/weber-medien.de\/","url":"https:\/\/weber-medien.de\/","name":"Fotograf Aalen Ostalbkreis Fotostudio Loft Hochzeit Hochzeitsfotograf Hochzeitsreportage Abtsgm\u00fcnd Ellwangen Fotoshooting Michael Weber Fotografie Ostalb Motorrad Auto Shooting Familie Kinder Auftragsfotografie Hochzeit Photographer Fotoloft Loftwohnung Loft-Fotostudio Luxus Hochzeitsdokumentation Heidenheim H\u00fcttlingen Oberkochen Unterkochen K\u00f6nigsbronn Schw\u00e4bisch Gm\u00fcnd M\u00f6gglingen B\u00f6bingen Affalterried Essingen Nattheim Steinheim Schnaitheim Wasseralfingen Dewangen Fachsenfeld Giengen Forst Oberrombach Rauental Unterrombach Hofherrnweiler - Fotografie Aalen Ellwangen Heidenheim Abtsgm\u00fcnd Oberkochen Unterkochen Schw\u00e4bisch Gm\u00fcnd Ostalb","isPartOf":{"@id":"https:\/\/weber-medien.de\/#website"},"primaryImageOfPage":{"@id":"https:\/\/weber-medien.de\/#primaryimage"},"image":{"@id":"https:\/\/weber-medien.de\/#primaryimage"},"thumbnailUrl":"https:\/\/weber-medien.de\/wp-content\/uploads\/2021\/07\/michael-weber-fotografie-fotograf-fotostudio-hochzeitsfotografie-aalen-ostalbkreis-1024x538.jpg","datePublished":"2020-01-08T19:57:52+00:00","dateModified":"2024-07-12T13:08:20+00:00","description":"Fotografie Fotostudio Hochzeitsfotografie Drohnenfotografie Aalen Abtsgm\u00fcnd Heidenheim Ellwangen Schw\u00e4bisch Gm\u00fcnd Unterkochen Oberkochen Fotostudio Luftbilder Kindergartenfotografie Hochzeitsvideo","breadcrumb":{"@id":"https:\/\/weber-medien.de\/#breadcrumb"},"inLanguage":"de","potentialAction":[{"@type":"ReadAction","target":["https:\/\/weber-medien.de\/"]}]},{"@type":"ImageObject","inLanguage":"de","@id":"https:\/\/weber-medien.de\/#primaryimage","url":"https:\/\/weber-medien.de\/wp-content\/uploads\/2021\/07\/michael-weber-fotografie-fotograf-fotostudio-hochzeitsfotografie-aalen-ostalbkreis.jpg","contentUrl":"https:\/\/weber-medien.de\/wp-content\/uploads\/2021\/07\/michael-weber-fotografie-fotograf-fotostudio-hochzeitsfotografie-aalen-ostalbkreis.jpg","width":1200,"height":630,"caption":"Michael Weber Fotografie in Aalen Ostalbkreis Hochzeitsfotografie Kindergartenfotografie Hochzeitsvideo Drohnenfotografie Luftfotografie Foto-Loft Luxus-loft Baden-W\u00fcrttemberg"},{"@type":"BreadcrumbList","@id":"https:\/\/weber-medien.de\/#breadcrumb","itemListElement":[{"@type":"ListItem","position":1,"name":"Startseite","item":"https:\/\/weber-medien.de\/"},{"@type":"ListItem","position":2,"name":"Fotograf Aalen Ostalbkreis Fotostudio Loft Hochzeit Hochzeitsfotograf Hochzeitsreportage Abtsgm\u00fcnd Ellwangen Fotoshooting Michael Weber Fotografie Ostalb Motorrad Auto Shooting Familie Kinder Auftragsfotografie Hochzeit Photographer Fotoloft Loftwohnung Loft-Fotostudio Luxus Hochzeitsdokumentation Heidenheim H\u00fcttlingen Oberkochen Unterkochen K\u00f6nigsbronn Schw\u00e4bisch Gm\u00fcnd M\u00f6gglingen B\u00f6bingen Affalterried Essingen Nattheim Steinheim Schnaitheim Wasseralfingen Dewangen Fachsenfeld Giengen Forst Oberrombach Rauental Unterrombach Hofherrnweiler"}]},{"@type":"WebSite","@id":"https:\/\/weber-medien.de\/#website","url":"https:\/\/weber-medien.de\/","name":"Fotografie Aalen Ellwangen Heidenheim Abtsgm\u00fcnd Oberkochen Unterkochen Schw\u00e4bisch Gm\u00fcnd Ostalb","description":"Fotografie Ostalbkreis Michael Weber Fotograf Hochzeit","publisher":{"@id":"https:\/\/weber-medien.de\/#organization"},"potentialAction":[{"@type":"SearchAction","target":{"@type":"EntryPoint","urlTemplate":"https:\/\/weber-medien.de\/?s={search_term_string}"},"query-input":{"@type":"PropertyValueSpecification","valueRequired":true,"valueName":"search_term_string"}}],"inLanguage":"de"},{"@type":"Organization","@id":"https:\/\/weber-medien.de\/#organization","name":"Michael Weber Fotografie in Aalen Ostalbkreis","url":"https:\/\/weber-medien.de\/","logo":{"@type":"ImageObject","inLanguage":"de","@id":"https:\/\/weber-medien.de\/#\/schema\/logo\/image\/","url":"https:\/\/weber-medien.de\/wp-content\/uploads\/2021\/07\/michael-weber-fotografie-fotograf-fotostudio-hochzeitsfotografie-aalen-ostalbkreis.jpg","contentUrl":"https:\/\/weber-medien.de\/wp-content\/uploads\/2021\/07\/michael-weber-fotografie-fotograf-fotostudio-hochzeitsfotografie-aalen-ostalbkreis.jpg","width":1200,"height":630,"caption":"Michael Weber Fotografie in Aalen Ostalbkreis"},"image":{"@id":"https:\/\/weber-medien.de\/#\/schema\/logo\/image\/"},"sameAs":["https:\/\/www.facebook.com\/weberfotografie","https:\/\/www.instagram.com\/weberfotografie"]}]}},"_links":{"self":[{"href":"https:\/\/weber-medien.de\/index.php?rest_route=\/wp\/v2\/pages\/2638","targetHints":{"allow":["GET"]}}],"collection":[{"href":"https:\/\/weber-medien.de\/index.php?rest_route=\/wp\/v2\/pages"}],"about":[{"href":"https:\/\/weber-medien.de\/index.php?rest_route=\/wp\/v2\/types\/page"}],"author":[{"embeddable":true,"href":"https:\/\/weber-medien.de\/index.php?rest_route=\/wp\/v2\/users\/1"}],"replies":[{"embeddable":true,"href":"https:\/\/weber-medien.de\/index.php?rest_route=%2Fwp%2Fv2%2Fcomments&post=2638"}],"version-history":[{"count":0,"href":"https:\/\/weber-medien.de\/index.php?rest_route=\/wp\/v2\/pages\/2638\/revisions"}],"wp:attachment":[{"href":"https:\/\/weber-medien.de\/index.php?rest_route=%2Fwp%2Fv2%2Fmedia&parent=2638"}],"curies":[{"name":"wp","href":"https:\/\/api.w.org\/{rel}","templated":true}]}}