{"id":2654,"date":"2020-01-08T20:00:20","date_gmt":"2020-01-08T20:00:20","guid":{"rendered":"http:\/\/clapat.ro\/themes\/bauman-wordpress\/?page_id=2654"},"modified":"2023-02-02T14:30:38","modified_gmt":"2023-02-02T14:30:38","slug":"abtsgmuend-fotograf-hochzeitsfotograf-foto-shooting","status":"publish","type":"page","link":"https:\/\/weber-medien.de\/?page_id=2654","title":{"rendered":"Abtsgm\u00fcnd Fotograf Hochzeitsfotograf Aalen Hochzeitsfeier Hochzeitskleid Ellwangen Essingen Heidenheim Shooting Fotostudio Familienfotografie Auftragsfotografie Loft Loftfotograf Loftwohnung Luxus Braut Brautkleid Hochzeitsreportage Dokumentation Ostalbkreis"},"content":{"rendered":"","protected":false},"excerpt":{"rendered":"","protected":false},"author":1,"featured_media":0,"parent":0,"menu_order":0,"comment_status":"closed","ping_status":"closed","template":"blog-page.php","meta":{"_exactmetrics_skip_tracking":false,"_exactmetrics_sitenote_active":false,"_exactmetrics_sitenote_note":"","_exactmetrics_sitenote_category":0,"_uf_show_specific_survey":0,"_uf_disable_surveys":false,"footnotes":""},"class_list":["post-2654","page","type-page","status-publish","hentry"],"aioseo_notices":[],"yoast_head":"<!-- This site is optimized with the Yoast SEO plugin v27.3 - https:\/\/yoast.com\/product\/yoast-seo-wordpress\/ -->\n<title>Abtsgm\u00fcnd Fotograf Hochzeitsfotograf Aalen Hochzeitsfeier Hochzeitskleid Ellwangen Essingen Heidenheim Shooting Fotostudio Familienfotografie Auftragsfotografie Loft Loftfotograf Loftwohnung Luxus Braut Brautkleid Hochzeitsreportage Dokumentation Ostalbkreis - Fotografie Aalen Ellwangen Heidenheim Abtsgm\u00fcnd Oberkochen Unterkochen Schw\u00e4bisch Gm\u00fcnd Ostalb<\/title>\n<meta name=\"description\" content=\"Abtsgm\u00fcnd Fotograf Hochzeitsfotografie Shooting Hochzeitsreportage Fotostudio Photographer Hochzeitskleid Paarshooting Ostalbkreis Heidenheim\" \/>\n<meta name=\"robots\" content=\"index, follow, max-snippet:-1, max-image-preview:large, max-video-preview:-1\" \/>\n<link rel=\"canonical\" href=\"https:\/\/weber-medien.de\/?page_id=2654\" \/>\n<meta property=\"og:locale\" content=\"de_DE\" \/>\n<meta property=\"og:type\" content=\"article\" \/>\n<meta property=\"og:title\" content=\"Abtsgm\u00fcnd Fotograf Hochzeitsfotograf Aalen Hochzeitsfeier Hochzeitskleid Ellwangen Essingen Heidenheim Shooting Fotostudio Familienfotografie Auftragsfotografie Loft Loftfotograf Loftwohnung Luxus Braut Brautkleid Hochzeitsreportage Dokumentation Ostalbkreis - Fotografie Aalen Ellwangen Heidenheim Abtsgm\u00fcnd Oberkochen Unterkochen Schw\u00e4bisch Gm\u00fcnd Ostalb\" \/>\n<meta property=\"og:description\" content=\"Abtsgm\u00fcnd Fotograf Hochzeitsfotografie Shooting Hochzeitsreportage Fotostudio Photographer Hochzeitskleid Paarshooting Ostalbkreis Heidenheim\" \/>\n<meta property=\"og:url\" content=\"https:\/\/weber-medien.de\/?page_id=2654\" \/>\n<meta property=\"og:site_name\" content=\"Fotografie Aalen Ellwangen Heidenheim Abtsgm\u00fcnd Oberkochen Unterkochen Schw\u00e4bisch Gm\u00fcnd Ostalb\" \/>\n<meta property=\"article:publisher\" content=\"https:\/\/www.facebook.com\/weberfotografie\" \/>\n<meta property=\"article:modified_time\" content=\"2023-02-02T14:30:38+00:00\" \/>\n<meta property=\"og:image\" content=\"https:\/\/weber-medien.de\/wp-content\/uploads\/2021\/07\/michael-weber-fotografie-fotograf-fotostudio-ostalbkreis.jpg\" \/>\n\t<meta property=\"og:image:width\" content=\"1024\" \/>\n\t<meta property=\"og:image:height\" content=\"538\" \/>\n\t<meta property=\"og:image:type\" content=\"image\/jpeg\" \/>\n<meta name=\"twitter:card\" content=\"summary_large_image\" \/>\n<script type=\"application\/ld+json\" class=\"yoast-schema-graph\">{\"@context\":\"https:\\\/\\\/schema.org\",\"@graph\":[{\"@type\":\"WebPage\",\"@id\":\"https:\\\/\\\/weber-medien.de\\\/?page_id=2654\",\"url\":\"https:\\\/\\\/weber-medien.de\\\/?page_id=2654\",\"name\":\"Abtsgm\u00fcnd Fotograf Hochzeitsfotograf Aalen Hochzeitsfeier Hochzeitskleid Ellwangen Essingen Heidenheim Shooting Fotostudio Familienfotografie Auftragsfotografie Loft Loftfotograf Loftwohnung Luxus Braut Brautkleid Hochzeitsreportage Dokumentation Ostalbkreis - Fotografie Aalen Ellwangen Heidenheim Abtsgm\u00fcnd Oberkochen Unterkochen Schw\u00e4bisch Gm\u00fcnd Ostalb\",\"isPartOf\":{\"@id\":\"https:\\\/\\\/weber-medien.de\\\/#website\"},\"datePublished\":\"2020-01-08T20:00:20+00:00\",\"dateModified\":\"2023-02-02T14:30:38+00:00\",\"description\":\"Abtsgm\u00fcnd Fotograf Hochzeitsfotografie Shooting Hochzeitsreportage Fotostudio Photographer Hochzeitskleid Paarshooting Ostalbkreis Heidenheim\",\"breadcrumb\":{\"@id\":\"https:\\\/\\\/weber-medien.de\\\/?page_id=2654#breadcrumb\"},\"inLanguage\":\"de\",\"potentialAction\":[{\"@type\":\"ReadAction\",\"target\":[\"https:\\\/\\\/weber-medien.de\\\/?page_id=2654\"]}]},{\"@type\":\"BreadcrumbList\",\"@id\":\"https:\\\/\\\/weber-medien.de\\\/?page_id=2654#breadcrumb\",\"itemListElement\":[{\"@type\":\"ListItem\",\"position\":1,\"name\":\"Startseite\",\"item\":\"https:\\\/\\\/weber-medien.de\\\/\"},{\"@type\":\"ListItem\",\"position\":2,\"name\":\"Abtsgm\u00fcnd Fotograf Hochzeitsfotograf Aalen Hochzeitsfeier Hochzeitskleid Ellwangen Essingen Heidenheim Shooting Fotostudio Familienfotografie Auftragsfotografie Loft Loftfotograf Loftwohnung Luxus Braut Brautkleid Hochzeitsreportage Dokumentation Ostalbkreis\"}]},{\"@type\":\"WebSite\",\"@id\":\"https:\\\/\\\/weber-medien.de\\\/#website\",\"url\":\"https:\\\/\\\/weber-medien.de\\\/\",\"name\":\"Fotografie Aalen Ellwangen Heidenheim Abtsgm\u00fcnd Oberkochen Unterkochen Schw\u00e4bisch Gm\u00fcnd Ostalb\",\"description\":\"Fotografie Ostalbkreis Michael Weber Fotograf Hochzeit\",\"publisher\":{\"@id\":\"https:\\\/\\\/weber-medien.de\\\/#organization\"},\"potentialAction\":[{\"@type\":\"SearchAction\",\"target\":{\"@type\":\"EntryPoint\",\"urlTemplate\":\"https:\\\/\\\/weber-medien.de\\\/?s={search_term_string}\"},\"query-input\":{\"@type\":\"PropertyValueSpecification\",\"valueRequired\":true,\"valueName\":\"search_term_string\"}}],\"inLanguage\":\"de\"},{\"@type\":\"Organization\",\"@id\":\"https:\\\/\\\/weber-medien.de\\\/#organization\",\"name\":\"Michael Weber Fotografie in Aalen Ostalbkreis\",\"url\":\"https:\\\/\\\/weber-medien.de\\\/\",\"logo\":{\"@type\":\"ImageObject\",\"inLanguage\":\"de\",\"@id\":\"https:\\\/\\\/weber-medien.de\\\/#\\\/schema\\\/logo\\\/image\\\/\",\"url\":\"https:\\\/\\\/weber-medien.de\\\/wp-content\\\/uploads\\\/2021\\\/07\\\/michael-weber-fotografie-fotograf-fotostudio-hochzeitsfotografie-aalen-ostalbkreis.jpg\",\"contentUrl\":\"https:\\\/\\\/weber-medien.de\\\/wp-content\\\/uploads\\\/2021\\\/07\\\/michael-weber-fotografie-fotograf-fotostudio-hochzeitsfotografie-aalen-ostalbkreis.jpg\",\"width\":1200,\"height\":630,\"caption\":\"Michael Weber Fotografie in Aalen Ostalbkreis\"},\"image\":{\"@id\":\"https:\\\/\\\/weber-medien.de\\\/#\\\/schema\\\/logo\\\/image\\\/\"},\"sameAs\":[\"https:\\\/\\\/www.facebook.com\\\/weberfotografie\",\"https:\\\/\\\/www.instagram.com\\\/weberfotografie\"]}]}<\/script>\n<!-- \/ Yoast SEO plugin. -->","yoast_head_json":{"title":"Abtsgm\u00fcnd Fotograf Hochzeitsfotograf Aalen Hochzeitsfeier Hochzeitskleid Ellwangen Essingen Heidenheim Shooting Fotostudio Familienfotografie Auftragsfotografie Loft Loftfotograf Loftwohnung Luxus Braut Brautkleid Hochzeitsreportage Dokumentation Ostalbkreis - Fotografie Aalen Ellwangen Heidenheim Abtsgm\u00fcnd Oberkochen Unterkochen Schw\u00e4bisch Gm\u00fcnd Ostalb","description":"Abtsgm\u00fcnd Fotograf Hochzeitsfotografie Shooting Hochzeitsreportage Fotostudio Photographer Hochzeitskleid Paarshooting Ostalbkreis Heidenheim","robots":{"index":"index","follow":"follow","max-snippet":"max-snippet:-1","max-image-preview":"max-image-preview:large","max-video-preview":"max-video-preview:-1"},"canonical":"https:\/\/weber-medien.de\/?page_id=2654","og_locale":"de_DE","og_type":"article","og_title":"Abtsgm\u00fcnd Fotograf Hochzeitsfotograf Aalen Hochzeitsfeier Hochzeitskleid Ellwangen Essingen Heidenheim Shooting Fotostudio Familienfotografie Auftragsfotografie Loft Loftfotograf Loftwohnung Luxus Braut Brautkleid Hochzeitsreportage Dokumentation Ostalbkreis - Fotografie Aalen Ellwangen Heidenheim Abtsgm\u00fcnd Oberkochen Unterkochen Schw\u00e4bisch Gm\u00fcnd Ostalb","og_description":"Abtsgm\u00fcnd Fotograf Hochzeitsfotografie Shooting Hochzeitsreportage Fotostudio Photographer Hochzeitskleid Paarshooting Ostalbkreis Heidenheim","og_url":"https:\/\/weber-medien.de\/?page_id=2654","og_site_name":"Fotografie Aalen Ellwangen Heidenheim Abtsgm\u00fcnd Oberkochen Unterkochen Schw\u00e4bisch Gm\u00fcnd Ostalb","article_publisher":"https:\/\/www.facebook.com\/weberfotografie","article_modified_time":"2023-02-02T14:30:38+00:00","og_image":[{"width":1024,"height":538,"url":"https:\/\/weber-medien.de\/wp-content\/uploads\/2021\/07\/michael-weber-fotografie-fotograf-fotostudio-ostalbkreis.jpg","type":"image\/jpeg"}],"twitter_card":"summary_large_image","schema":{"@context":"https:\/\/schema.org","@graph":[{"@type":"WebPage","@id":"https:\/\/weber-medien.de\/?page_id=2654","url":"https:\/\/weber-medien.de\/?page_id=2654","name":"Abtsgm\u00fcnd Fotograf Hochzeitsfotograf Aalen Hochzeitsfeier Hochzeitskleid Ellwangen Essingen Heidenheim Shooting Fotostudio Familienfotografie Auftragsfotografie Loft Loftfotograf Loftwohnung Luxus Braut Brautkleid Hochzeitsreportage Dokumentation Ostalbkreis - Fotografie Aalen Ellwangen Heidenheim Abtsgm\u00fcnd Oberkochen Unterkochen Schw\u00e4bisch Gm\u00fcnd Ostalb","isPartOf":{"@id":"https:\/\/weber-medien.de\/#website"},"datePublished":"2020-01-08T20:00:20+00:00","dateModified":"2023-02-02T14:30:38+00:00","description":"Abtsgm\u00fcnd Fotograf Hochzeitsfotografie Shooting Hochzeitsreportage Fotostudio Photographer Hochzeitskleid Paarshooting Ostalbkreis Heidenheim","breadcrumb":{"@id":"https:\/\/weber-medien.de\/?page_id=2654#breadcrumb"},"inLanguage":"de","potentialAction":[{"@type":"ReadAction","target":["https:\/\/weber-medien.de\/?page_id=2654"]}]},{"@type":"BreadcrumbList","@id":"https:\/\/weber-medien.de\/?page_id=2654#breadcrumb","itemListElement":[{"@type":"ListItem","position":1,"name":"Startseite","item":"https:\/\/weber-medien.de\/"},{"@type":"ListItem","position":2,"name":"Abtsgm\u00fcnd Fotograf Hochzeitsfotograf Aalen Hochzeitsfeier Hochzeitskleid Ellwangen Essingen Heidenheim Shooting Fotostudio Familienfotografie Auftragsfotografie Loft Loftfotograf Loftwohnung Luxus Braut Brautkleid Hochzeitsreportage Dokumentation Ostalbkreis"}]},{"@type":"WebSite","@id":"https:\/\/weber-medien.de\/#website","url":"https:\/\/weber-medien.de\/","name":"Fotografie Aalen Ellwangen Heidenheim Abtsgm\u00fcnd Oberkochen Unterkochen Schw\u00e4bisch Gm\u00fcnd Ostalb","description":"Fotografie Ostalbkreis Michael Weber Fotograf Hochzeit","publisher":{"@id":"https:\/\/weber-medien.de\/#organization"},"potentialAction":[{"@type":"SearchAction","target":{"@type":"EntryPoint","urlTemplate":"https:\/\/weber-medien.de\/?s={search_term_string}"},"query-input":{"@type":"PropertyValueSpecification","valueRequired":true,"valueName":"search_term_string"}}],"inLanguage":"de"},{"@type":"Organization","@id":"https:\/\/weber-medien.de\/#organization","name":"Michael Weber Fotografie in Aalen Ostalbkreis","url":"https:\/\/weber-medien.de\/","logo":{"@type":"ImageObject","inLanguage":"de","@id":"https:\/\/weber-medien.de\/#\/schema\/logo\/image\/","url":"https:\/\/weber-medien.de\/wp-content\/uploads\/2021\/07\/michael-weber-fotografie-fotograf-fotostudio-hochzeitsfotografie-aalen-ostalbkreis.jpg","contentUrl":"https:\/\/weber-medien.de\/wp-content\/uploads\/2021\/07\/michael-weber-fotografie-fotograf-fotostudio-hochzeitsfotografie-aalen-ostalbkreis.jpg","width":1200,"height":630,"caption":"Michael Weber Fotografie in Aalen Ostalbkreis"},"image":{"@id":"https:\/\/weber-medien.de\/#\/schema\/logo\/image\/"},"sameAs":["https:\/\/www.facebook.com\/weberfotografie","https:\/\/www.instagram.com\/weberfotografie"]}]}},"_links":{"self":[{"href":"https:\/\/weber-medien.de\/index.php?rest_route=\/wp\/v2\/pages\/2654","targetHints":{"allow":["GET"]}}],"collection":[{"href":"https:\/\/weber-medien.de\/index.php?rest_route=\/wp\/v2\/pages"}],"about":[{"href":"https:\/\/weber-medien.de\/index.php?rest_route=\/wp\/v2\/types\/page"}],"author":[{"embeddable":true,"href":"https:\/\/weber-medien.de\/index.php?rest_route=\/wp\/v2\/users\/1"}],"replies":[{"embeddable":true,"href":"https:\/\/weber-medien.de\/index.php?rest_route=%2Fwp%2Fv2%2Fcomments&post=2654"}],"version-history":[{"count":0,"href":"https:\/\/weber-medien.de\/index.php?rest_route=\/wp\/v2\/pages\/2654\/revisions"}],"wp:attachment":[{"href":"https:\/\/weber-medien.de\/index.php?rest_route=%2Fwp%2Fv2%2Fmedia&parent=2654"}],"curies":[{"name":"wp","href":"https:\/\/api.w.org\/{rel}","templated":true}]}}